{"id":8707,"date":"2018-04-04T09:01:40","date_gmt":"2018-04-04T13:01:40","guid":{"rendered":"http:\/\/www.springfieldlibrary.org\/libtest\/?page_id=8707"},"modified":"2022-07-20T15:09:09","modified_gmt":"2022-07-20T19:09:09","slug":"homework-resources-children","status":"publish","type":"page","link":"https:\/\/www.springfieldlibrary.org\/library\/children\/homework-resources-children\/","title":{"rendered":"Homework Resources"},"content":{"rendered":"<div class=\"su-service\"><div class=\"su-service-title\" style=\"padding-left:64px;min-height:50px;line-height:50px\"><img loading=\"lazy\" decoding=\"async\" src=\"https:\/\/www.springfieldlibrary.org\/library\/assets\/2018\/04\/Bookicon.jpg\" width=\"50\" height=\"50\" alt=\"&lt;\/p&gt;\n&lt;h4&gt;Homework Help and Online Reference&lt;\/h4&gt;\n&lt;p&gt;\" style=\"width:50px;height:50px\" \/> <\/p>\n<h4>Homework Help and Online Reference<\/h4>\n<p><\/div><div class=\"su-service-content su-u-clearfix su-u-trim\" style=\"padding-left:64px\">\n<p><a href=\"http:\/\/main.springfieldlibrary.ma.brainfuse.com\" target=\"_blank\" rel=\"noopener\"><strong>Brainfuse Live Online Homework Help<\/strong><\/a> &#8211; Free live help for students and learners of all ages, available from any computer! HelpNow provides live tutoring in English, math, science and social studies, elementary through adult levels. Help with student papers and resumes. SAT\/ACT\/citizenship test prep, career resources and more. Spanish-speaking tutors available. Google Play app available. <strong>Remote access for Springfield City Library cardholders only. <\/strong><a href=\"https:\/\/my.nicheacademy.com\/springfieldlibrary\/course\/5840\" target=\"_blank\" rel=\"noopener\">Quick Guide to Brainfuse<\/a><\/p>\n<p><a href=\"https:\/\/libraries.state.ma.us\/login?db=ITKE&amp;locid=mlin_w_sprcity\" target=\"_blank\" rel=\"noopener\"><strong>Kids InfoBits (Grade K-5)<\/strong><\/a><br \/>\nMeets the research needs of students in Kindergarten through Grade 5. These encyclopedia and magazine articles offers tidbits of information in a click-on-the-picture format. This format allows children to narrow their topic, but young children will need help reading the articles.<\/p>\n<p><a href=\"https:\/\/libraries.state.ma.us\/login?db=pebblego&amp;locid=mlin_w_sprcity\" target=\"_blank\" rel=\"noopener\"><strong>PebbleGo<\/strong><\/a><br \/>\nThis easy-to-use database introduces children ages 3-9 to online research, with spoken content for children who are learning to read. A great resource for homework help!<\/p>\n<p><a href=\"https:\/\/libraries.state.ma.us\/login?db=MSIC&amp;locid=mlin_w_sprcity\" target=\"_blank\" rel=\"noopener\"><strong>Gale Research in Context (Middle School)<\/strong><\/a><br \/>\nCreated specifically for middle-schoolers, <em>Research in Context<\/em> combines the best of Gale&#8217;s reference content with age-appropriate videos, newspapers, magazines, primary sources, and much more. Students will find outstanding support to complete assignments in core subjects including literature, science, social studies, and history.<\/p>\n<p><a href=\"https:\/\/libraries.state.ma.us\/login?db=eb_kids&amp;locid=mlin_w_sprcity\" target=\"_blank\" rel=\"noopener\"><strong>Britannica Library: Children<\/strong><\/a><br \/>\nAn interactive learning environment for ages 4 to 7 that gives early learners enjoyable, engaging, and developmentally appropriate activities. Includes atlas, art activities, games and learning materials, audio and video, and vocabulary builders and more.<\/p>\n<p><a href=\"https:\/\/libraries.state.ma.us\/login?db=eb_es&amp;locid=mlin_w_sprcity\" target=\"_blank\" rel=\"noopener\"><strong>Encyclopedia Britannica for Elementary School<\/strong><\/a><br \/>\nThis online library database from Britannica is aimed at the digital classroom.\u00a0Resources include encyclopedia articles, multimedia, primary sources, games, and other\u00a0learning resources that support student research.<\/p>\n<p><a href=\"https:\/\/libraries.state.ma.us\/login?db=eb_ms&amp;locid=mlin_w_sprcity\" target=\"_blank\" rel=\"noopener\"><strong>Encyclopedia Britannica for Middle School<\/strong><\/a><br \/>\nThis online library database from Britannica is aimed at the digital classroom.\u00a0Resources include encyclopedia articles, multimedia, primary sources, games, and other\u00a0learning resources that support student research.<\/p>\n<p><a href=\"https:\/\/libraries.state.ma.us\/login?db=eb_escolar&amp;locid=mlin_w_sprcity\" target=\"_blank\" rel=\"noopener\"><strong>Encyclopedia Britannica: Spanish Edition Escolar (K-8)<\/strong><\/a><br \/>\nLa Enciclopedia Britannica Escolar es un recurso de consulta para ni\u00f1os y j\u00f3venes y sus familias. Este material cuenta con informaci\u00f3n en dos niveles, primaria y secundaria y tiene un gran n\u00famero de actividades, im\u00e1genes, videos y mucho m\u00e1s sobre los temas que m\u00e1s nos exigen en el colegio. \u00a1Aprovecha todo lo que te ofrece para hacer tus tareas y aprender sobre los temas que te interesan!<\/div><\/div>\n<p><em>The Springfield City Library does not offer tutoring for children. The Springfield Public Schools request that parents ask their child\u2019s teacher about tutoring options available through the School Department.<\/em><\/p>\n","protected":false},"excerpt":{"rendered":"<p>Resources for children from magazine articles to age appropriate videos, newspapers, and primary sources.<\/p>\n","protected":false},"author":1,"featured_media":9690,"parent":8714,"menu_order":0,"comment_status":"closed","ping_status":"closed","template":"","meta":{"_monsterinsights_skip_tracking":false,"_monsterinsights_sitenote_active":false,"_monsterinsights_sitenote_note":"","_monsterinsights_sitenote_category":0,"cybocfi_hide_featured_image":"","footnotes":""},"class_list":["post-8707","page","type-page","status-publish","has-post-thumbnail","hentry"],"_links":{"self":[{"href":"https:\/\/www.springfieldlibrary.org\/library\/wp-json\/wp\/v2\/pages\/8707","targetHints":{"allow":["GET"]}}],"collection":[{"href":"https:\/\/www.springfieldlibrary.org\/library\/wp-json\/wp\/v2\/pages"}],"about":[{"href":"https:\/\/www.springfieldlibrary.org\/library\/wp-json\/wp\/v2\/types\/page"}],"author":[{"embeddable":true,"href":"https:\/\/www.springfieldlibrary.org\/library\/wp-json\/wp\/v2\/users\/1"}],"replies":[{"embeddable":true,"href":"https:\/\/www.springfieldlibrary.org\/library\/wp-json\/wp\/v2\/comments?post=8707"}],"version-history":[{"count":34,"href":"https:\/\/www.springfieldlibrary.org\/library\/wp-json\/wp\/v2\/pages\/8707\/revisions"}],"predecessor-version":[{"id":24191,"href":"https:\/\/www.springfieldlibrary.org\/library\/wp-json\/wp\/v2\/pages\/8707\/revisions\/24191"}],"up":[{"embeddable":true,"href":"https:\/\/www.springfieldlibrary.org\/library\/wp-json\/wp\/v2\/pages\/8714"}],"wp:featuredmedia":[{"embeddable":true,"href":"https:\/\/www.springfieldlibrary.org\/library\/wp-json\/wp\/v2\/media\/9690"}],"wp:attachment":[{"href":"https:\/\/www.springfieldlibrary.org\/library\/wp-json\/wp\/v2\/media?parent=8707"}],"curies":[{"name":"wp","href":"https:\/\/api.w.org\/{rel}","templated":true}]}}